{"id":486,"date":"2022-02-22T10:28:24","date_gmt":"2022-02-22T10:28:24","guid":{"rendered":"https:\/\/ferienhort.ch\/?page_id=486"},"modified":"2022-02-22T13:37:47","modified_gmt":"2022-02-22T13:37:47","slug":"sommer-2021-im-zeichen-der-kunst","status":"publish","type":"page","link":"https:\/\/ferienhort.ch\/?page_id=486","title":{"rendered":"Sommer 2021: Im Zeichen der Kunst"},"content":{"rendered":"\n<p>Die letzte Woche der Sommerferien 2021 stand im Ferienhort Wehntal ganz unter dem Motto \u00abKunst\u00bb. <\/p>\n\n\n\n<p>Am <strong>Montag<\/strong> sind wir mit verschiedenen K\u00fcnstlern ins Thema eingestiegen, haben diverse Kunstwerke nachgestellt und uns mit der K\u00f6nigin der Farben und dem dazugeh\u00f6rigen Bilderbuch befasst.<\/p>\n\n\n\n<p>Am darauffolgenden <strong>Dienstag<\/strong> wurden wir dann kreativ und marmorierten Seifenspender und K\u00e4rtchen. Am Nachmittag bastelten wir mit Gips und Draht eine Giacometti-Figur. Die Kinder waren motiviert und stolz auf ihre entstandenen Figuren, die sie, nachdem sie endlich trocken waren, mit nach Hause nehmen durften.<\/p>\n\n\n\n<p><strong>Mittwochs<\/strong> machten wir uns bereits am Morgen auf den Weg in den Bruno Weber Park in Dietikon. Nach einer unterhaltsamen Zugfahrt machten wir uns auf den doch ziemlich ausgedehnten Spaziergang, dem Skulpturenweg nach Richtung Park. Etwas ersch\u00f6pft dort angekommen setzten wir uns erstmal an die Feuerstelle und grillierten unsere W\u00fcrste. Nachdem wir gest\u00e4rkt waren und wieder Energie hatten, erkundeten wir gemeinsam den Park und konnten viele Skulpturen entdecken, die uns fasziniert und sehr gefallen haben. Nat\u00fcrlich blieb auch noch etwas Zeit zum Spielen \u00fcbrig, bevor wir uns wieder auf den Weg zur\u00fcck zum Bahnhof und schliesslich nach Niederweningen machten. Es war ein sehr gelungener Tag, den wir alle sehr geniessen konnten.<\/p>\n\n\n\n<p>Am <strong>Donnerstag<\/strong> durften wir das Malatelier der Schule ben\u00fctzen. Ausger\u00fcstet mit Musikbox, Farben und Papier, richteten wir uns dort ein. Die Kinder malten zu klassischer Musik und fanden es super, dass nicht das Endprodukt, sondern der Prozess f\u00fcr einmal im Vordergrund stand. So entstanden wundervolle, aussergew\u00f6hnliche Kunstwerke, welche die Kinder sp\u00e4ter mitnehmen durften. Am Nachmittag konnte jedes Kind ein T-Shirt mit Batik-Farben einf\u00e4rben. Es machte ihnen so viel Spass und die T-Shirts sind wundersch\u00f6n geworden.<\/p>\n\n\n\n<p>Die Woche schlossen wir am <strong>Freitag<\/strong> mit einer Colorparty ab, bei der die Kinder mit Holifarben um sicher werfen und Wasserpaintball spielen konnten. Es war eine sehr farbenfrohe und spannende Woche, auf die wir auch mit den Kindern immer wieder zur\u00fcckblicken.<\/p>\n\n\n\n<figure class=\"wp-block-gallery has-nested-images columns-default is-cropped wp-block-gallery-1 is-layout-flex wp-block-gallery-is-layout-flex\">\n<figure class=\"wp-block-image size-large\"><img fetchpriority=\"high\" decoding=\"async\" width=\"1024\" height=\"770\" data-id=\"488\" src=\"https:\/\/ferienhort.ch\/wp-content\/uploads\/2022\/02\/fh1-1024x770.jpg\" alt=\"\" class=\"wp-image-488\" srcset=\"https:\/\/ferienhort.ch\/wp-content\/uploads\/2022\/02\/fh1-1024x770.jpg 1024w, https:\/\/ferienhort.ch\/wp-content\/uploads\/2022\/02\/fh1-300x226.jpg 300w, https:\/\/ferienhort.ch\/wp-content\/uploads\/2022\/02\/fh1-768x577.jpg 768w, https:\/\/ferienhort.ch\/wp-content\/uploads\/2022\/02\/fh1.jpg 1290w\" sizes=\"(max-width: 1024px) 100vw, 1024px\" \/><\/figure>\n\n\n\n<figure class=\"wp-block-image size-large\"><img decoding=\"async\" width=\"1024\" height=\"888\" data-id=\"487\" src=\"https:\/\/ferienhort.ch\/wp-content\/uploads\/2022\/02\/fh2-1024x888.jpg\" alt=\"\" class=\"wp-image-487\" srcset=\"https:\/\/ferienhort.ch\/wp-content\/uploads\/2022\/02\/fh2-1024x888.jpg 1024w, https:\/\/ferienhort.ch\/wp-content\/uploads\/2022\/02\/fh2-300x260.jpg 300w, https:\/\/ferienhort.ch\/wp-content\/uploads\/2022\/02\/fh2-768x666.jpg 768w, https:\/\/ferienhort.ch\/wp-content\/uploads\/2022\/02\/fh2.jpg 1132w\" sizes=\"(max-width: 1024px) 100vw, 1024px\" \/><\/figure>\n\n\n\n<figure class=\"wp-block-image size-large\"><img decoding=\"async\" width=\"1024\" height=\"909\" data-id=\"489\" src=\"https:\/\/ferienhort.ch\/wp-content\/uploads\/2022\/02\/fh3-1024x909.jpg\" alt=\"\" class=\"wp-image-489\" srcset=\"https:\/\/ferienhort.ch\/wp-content\/uploads\/2022\/02\/fh3-1024x909.jpg 1024w, https:\/\/ferienhort.ch\/wp-content\/uploads\/2022\/02\/fh3-300x266.jpg 300w, https:\/\/ferienhort.ch\/wp-content\/uploads\/2022\/02\/fh3-768x682.jpg 768w, https:\/\/ferienhort.ch\/wp-content\/uploads\/2022\/02\/fh3.jpg 1104w\" sizes=\"(max-width: 1024px) 100vw, 1024px\" \/><\/figure>\n\n\n\n<figure class=\"wp-block-image size-large\"><img loading=\"lazy\" decoding=\"async\" width=\"647\" height=\"1024\" data-id=\"492\" src=\"https:\/\/ferienhort.ch\/wp-content\/uploads\/2022\/02\/fh4-647x1024.jpg\" alt=\"\" class=\"wp-image-492\" srcset=\"https:\/\/ferienhort.ch\/wp-content\/uploads\/2022\/02\/fh4-647x1024.jpg 647w, https:\/\/ferienhort.ch\/wp-content\/uploads\/2022\/02\/fh4-190x300.jpg 190w, https:\/\/ferienhort.ch\/wp-content\/uploads\/2022\/02\/fh4-768x1215.jpg 768w, https:\/\/ferienhort.ch\/wp-content\/uploads\/2022\/02\/fh4.jpg 852w\" sizes=\"(max-width: 647px) 100vw, 647px\" \/><\/figure>\n\n\n\n<figure class=\"wp-block-image size-large\"><img loading=\"lazy\" decoding=\"async\" width=\"1024\" height=\"556\" data-id=\"494\" src=\"https:\/\/ferienhort.ch\/wp-content\/uploads\/2022\/02\/fh5-1024x556.jpg\" alt=\"\" class=\"wp-image-494\" srcset=\"https:\/\/ferienhort.ch\/wp-content\/uploads\/2022\/02\/fh5-1024x556.jpg 1024w, https:\/\/ferienhort.ch\/wp-content\/uploads\/2022\/02\/fh5-300x163.jpg 300w, https:\/\/ferienhort.ch\/wp-content\/uploads\/2022\/02\/fh5-768x417.jpg 768w, https:\/\/ferienhort.ch\/wp-content\/uploads\/2022\/02\/fh5-1536x833.jpg 1536w, https:\/\/ferienhort.ch\/wp-content\/uploads\/2022\/02\/fh5-2048x1111.jpg 2048w\" sizes=\"(max-width: 1024px) 100vw, 1024px\" \/><\/figure>\n\n\n\n<figure class=\"wp-block-image size-large\"><img loading=\"lazy\" decoding=\"async\" width=\"1024\" height=\"770\" data-id=\"493\" src=\"https:\/\/ferienhort.ch\/wp-content\/uploads\/2022\/02\/fh6-1024x770.jpg\" alt=\"\" class=\"wp-image-493\" srcset=\"https:\/\/ferienhort.ch\/wp-content\/uploads\/2022\/02\/fh6-1024x770.jpg 1024w, https:\/\/ferienhort.ch\/wp-content\/uploads\/2022\/02\/fh6-300x226.jpg 300w, https:\/\/ferienhort.ch\/wp-content\/uploads\/2022\/02\/fh6-768x577.jpg 768w, https:\/\/ferienhort.ch\/wp-content\/uploads\/2022\/02\/fh6-1536x1155.jpg 1536w, https:\/\/ferienhort.ch\/wp-content\/uploads\/2022\/02\/fh6.jpg 1572w\" sizes=\"(max-width: 1024px) 100vw, 1024px\" \/><\/figure>\n\n\n\n<figure class=\"wp-block-image size-large\"><img loading=\"lazy\" decoding=\"async\" width=\"1024\" height=\"767\" data-id=\"490\" src=\"https:\/\/ferienhort.ch\/wp-content\/uploads\/2022\/02\/fh7-1024x767.jpg\" alt=\"\" class=\"wp-image-490\" srcset=\"https:\/\/ferienhort.ch\/wp-content\/uploads\/2022\/02\/fh7-1024x767.jpg 1024w, https:\/\/ferienhort.ch\/wp-content\/uploads\/2022\/02\/fh7-300x225.jpg 300w, https:\/\/ferienhort.ch\/wp-content\/uploads\/2022\/02\/fh7-768x575.jpg 768w, https:\/\/ferienhort.ch\/wp-content\/uploads\/2022\/02\/fh7-1536x1151.jpg 1536w, https:\/\/ferienhort.ch\/wp-content\/uploads\/2022\/02\/fh7-755x566.jpg 755w, https:\/\/ferienhort.ch\/wp-content\/uploads\/2022\/02\/fh7.jpg 1562w\" sizes=\"(max-width: 1024px) 100vw, 1024px\" \/><\/figure>\n\n\n\n<figure class=\"wp-block-image size-large\"><img loading=\"lazy\" decoding=\"async\" width=\"1024\" height=\"467\" data-id=\"491\" src=\"https:\/\/ferienhort.ch\/wp-content\/uploads\/2022\/02\/fh8-1024x467.jpg\" alt=\"\" class=\"wp-image-491\" srcset=\"https:\/\/ferienhort.ch\/wp-content\/uploads\/2022\/02\/fh8-1024x467.jpg 1024w, https:\/\/ferienhort.ch\/wp-content\/uploads\/2022\/02\/fh8-300x137.jpg 300w, https:\/\/ferienhort.ch\/wp-content\/uploads\/2022\/02\/fh8-768x350.jpg 768w, https:\/\/ferienhort.ch\/wp-content\/uploads\/2022\/02\/fh8-1536x700.jpg 1536w, https:\/\/ferienhort.ch\/wp-content\/uploads\/2022\/02\/fh8-2048x933.jpg 2048w\" sizes=\"(max-width: 1024px) 100vw, 1024px\" \/><\/figure>\n<figcaption class=\"blocks-gallery-caption\">Die Ferienwoche mit dem Motto \u00abKunst\u00bb kam bei den Kindern sehr gut an.<\/figcaption><\/figure>\n","protected":false},"excerpt":{"rendered":"<p>Die letzte Woche der Sommerferien 2021 stand im Ferienhort Wehntal ganz unter dem Motto \u00abKunst\u00bb. Am Montag sind wir mit &hellip; <span class=\"more-button\"><a href=\"https:\/\/ferienhort.ch\/?page_id=486\" class=\"more-link\">Continue Reading<span class=\"screen-reader-text\">Sommer 2021: Im Zeichen der Kunst<\/span><\/a><\/span><\/p>\n","protected":false},"author":1,"featured_media":0,"parent":0,"menu_order":0,"comment_status":"closed","ping_status":"closed","template":"","meta":{"footnotes":""},"class_list":["post-486","page","type-page","status-publish","hentry"],"_links":{"self":[{"href":"https:\/\/ferienhort.ch\/index.php?rest_route=\/wp\/v2\/pages\/486","targetHints":{"allow":["GET"]}}],"collection":[{"href":"https:\/\/ferienhort.ch\/index.php?rest_route=\/wp\/v2\/pages"}],"about":[{"href":"https:\/\/ferienhort.ch\/index.php?rest_route=\/wp\/v2\/types\/page"}],"author":[{"embeddable":true,"href":"https:\/\/ferienhort.ch\/index.php?rest_route=\/wp\/v2\/users\/1"}],"replies":[{"embeddable":true,"href":"https:\/\/ferienhort.ch\/index.php?rest_route=%2Fwp%2Fv2%2Fcomments&post=486"}],"version-history":[{"count":2,"href":"https:\/\/ferienhort.ch\/index.php?rest_route=\/wp\/v2\/pages\/486\/revisions"}],"predecessor-version":[{"id":501,"href":"https:\/\/ferienhort.ch\/index.php?rest_route=\/wp\/v2\/pages\/486\/revisions\/501"}],"wp:attachment":[{"href":"https:\/\/ferienhort.ch\/index.php?rest_route=%2Fwp%2Fv2%2Fmedia&parent=486"}],"curies":[{"name":"wp","href":"https:\/\/api.w.org\/{rel}","templated":true}]}}